{"id":1541,"date":"2017-05-26T08:52:50","date_gmt":"2017-05-26T06:52:50","guid":{"rendered":"https:\/\/e-spain.eu\/menciones-legales\/"},"modified":"2023-05-01T18:33:55","modified_gmt":"2023-05-01T16:33:55","slug":"menciones-legales","status":"publish","type":"page","link":"https:\/\/e-spain.eu\/es\/menciones-legales\/","title":{"rendered":"Menciones legales"},"content":{"rendered":"<div class=\"fusion-fullwidth fullwidth-box fusion-builder-row-1 nonhundred-percent-fullwidth non-hundred-percent-height-scrolling\" style=\"--awb-border-radius-top-left:0px;--awb-border-radius-top-right:0px;--awb-border-radius-bottom-right:0px;--awb-border-radius-bottom-left:0px;--awb-flex-wrap:wrap;\" ><div class=\"fusion-builder-row fusion-row\"><div class=\"fusion-layout-column fusion_builder_column fusion-builder-column-0 fusion_builder_column_1_1 1_1 fusion-one-full fusion-column-first fusion-column-last\" style=\"--awb-bg-size:cover;\"><div class=\"fusion-column-wrapper fusion-flex-column-wrapper-legacy\"><div class=\"fusion-text fusion-text-1\"><p>Las presentes Condiciones Generales regulan el uso de esta p\u00e1gina web en Internet que E-SPAIN (Angel Moreton SLU) C\/San Jos\u00e9 18, 3\u00ba izda, 47007 Valladolid, pone a disposici\u00f3n de todos los usuarios de Internet la siguiente p\u00e1gina web:  <a href=\"https:\/\/e-spain.eu\/\">www.e-spain.eu<\/a>, implican la aceptaci\u00f3n de las presentes Condiciones Generales, que el usuario ha de leer cada vez que utilice esta p\u00e1gina, ya que la presente p\u00e1gina y las condiciones podr\u00edan estar sujetas a modificaciones. El acceso a esta p\u00e1gina web es responsabilidad exclusiva de los usuarios y supone aceptar y conocer las advertencias legales, condiciones y usos generales.<\/p>\n<h5><strong>Informaci\u00f3n jur\u00eddica<\/strong><\/h5>\n<p>De conformidad con el Art.10 de la Ley 34\/2002, de 11 de julio, de Servicios de la Sociedad de la Informaci\u00f3n y Comercio Electr\u00f3nico (LSS1-CE) y de la Ley 56\/2007, de 28 de diciembre, de Medidas de Impulso de la Sociedad de la Informaci\u00f3n, le comunicamos que la presente p\u00e1gina web  <a href=\"https:\/\/e-spain.eu\/\">www.e-spain.eu,<\/a> pertenece a ANGEL MORETON, S.L.U., con C.I.F. n\u00famero B47761093 y domicilio social en Valladolid, Espa\u00f1a, San Jos\u00e9 18, 3\u00ba izda., 47007 Valladolid e inscrita en el Registro Mercantil de Valladolid Tomo 1511, Folio 144, inscripci\u00f3n 1\u00aa hoja VA-28676, E-mail  <a href=\"mailto:info@e-spain.eu\">info@e-spain.eu<\/a><\/p>\n<h5><strong>Protecci\u00f3n de datos<\/strong><\/h5>\n<p>De conformidad con la Ley Org\u00e1nica 15\/1999, de 13 de diciembre, de Protecci\u00f3n de Datos de Car\u00e1cter Personal y el Real Decreto 1720\/2007, de 21 de diciembre, por el que se aprueba el Reglamento de Desarrollo de dicha Ley. El formulario con sus datos personales recogidos voluntariamente en esta web o correo electr\u00f3nico y acepta su env\u00edo, est\u00e1 autorizando a incluirlos en un fichero propiedad de Angel Moreton SLU. cumple estrictamente con la confidencialidad de los datos de car\u00e1cter personal y el uso de los mismos de forma confidencial, asumiendo las medidas t\u00e9cnicas, organizativas y de seguridad necesarias para evitar su alteraci\u00f3n, p\u00e9rdida, tratamiento o acceso no autorizado. Angel Moreton SLU., queda exonerada de cualquier responsabilidad si la informaci\u00f3n voluntaria facilitada fuera incompleta o irreal por los usuarios de esta p\u00e1gina web:  <a href=\"https:\/\/e-spain.eu\/\">www.e-spain.eu,<\/a> Angel Moreton SLU. garantiza que la informaci\u00f3n de los datos ser\u00e1 tratada con la finalidad de mantener la relaci\u00f3n comercial y promocional sobre los servicios de esta empresa, con usted mismo o con la empresa que usted representa. No obstante lo anterior, usted puede ejercitar sus derechos de acceso, rectificaci\u00f3n, cancelaci\u00f3n y oposici\u00f3n de que dispone en la citada Ley Org\u00e1nica, notific\u00e1ndolo por escrito al Responsable de Protecci\u00f3n de Datos a Angel Moreton SLU:, o bien por direcci\u00f3n de correo electr\u00f3nico E-mail <a href=\"mailto:info@e-spain.eu\">info@e-spain.eu<\/a><\/p>\n<h5><strong>Propiedad intelectual e industrial<\/strong><\/h5>\n<p>Todos los contenidos de la p\u00e1gina web: <a href=\"https:\/\/e-spain.eu\/\">www.e-spain.eu,<\/a> son propiedad intelectual de Angel Moreton SLU. y no podr\u00e1n ser reproducidos, copiados, fijados, enlazados, transmitidos, distribuidos o manipulados de ninguna manera y con ning\u00fan fin, sin autorizaci\u00f3n previa y por escrito de Angel Moreton SLU manteniendo en todo momento intactos el copyright y cualquier otro indicador de propiedad intelectual de los materiales o contenidos. Cualquier uso o modificaci\u00f3n del Material o de los Contenidos para cualquier otro fin autorizado en las Condiciones Generales se considerar\u00e1 una violaci\u00f3n de las leyes internacionales de derechos de autor, que protegen los derechos de autor.<\/p>\n<\/div><div class=\"fusion-clearfix\"><\/div><\/div><\/div><\/div><\/div>\n","protected":false},"excerpt":{"rendered":"","protected":false},"author":1,"featured_media":0,"parent":0,"menu_order":0,"comment_status":"closed","ping_status":"closed","template":"","meta":{"footnotes":""},"class_list":["post-1541","page","type-page","status-publish","hentry"],"yoast_head":"<!-- This site is optimized with the Yoast SEO plugin v27.3 - https:\/\/yoast.com\/product\/yoast-seo-wordpress\/ -->\n<title>Menciones legales - e-spain | Culinary and pastry internships in Spain, gastronomy tours to Spain and Portugal<\/title>\n<meta name=\"robots\" content=\"index, follow, max-snippet:-1, max-image-preview:large, max-video-preview:-1\" \/>\n<link rel=\"canonical\" href=\"https:\/\/e-spain.eu\/es\/menciones-legales\/\" \/>\n<meta property=\"og:locale\" content=\"es_ES\" \/>\n<meta property=\"og:type\" content=\"article\" \/>\n<meta property=\"og:title\" content=\"Menciones legales - e-spain | Culinary and pastry internships in Spain, gastronomy tours to Spain and Portugal\" \/>\n<meta property=\"og:url\" content=\"https:\/\/e-spain.eu\/es\/menciones-legales\/\" \/>\n<meta property=\"og:site_name\" content=\"e-spain | Culinary and pastry internships in Spain, gastronomy tours to Spain and Portugal\" \/>\n<meta property=\"article:publisher\" content=\"https:\/\/www.facebook.com\/espaineducationenjoymentexcellence\" \/>\n<meta property=\"article:modified_time\" content=\"2023-05-01T16:33:55+00:00\" \/>\n<meta name=\"twitter:card\" content=\"summary_large_image\" \/>\n<meta name=\"twitter:site\" content=\"@SpainEnjoyment\" \/>\n<meta name=\"twitter:label1\" content=\"Tiempo de lectura\" \/>\n\t<meta name=\"twitter:data1\" content=\"4 minutos\" \/>\n<script type=\"application\/ld+json\" class=\"yoast-schema-graph\">{\"@context\":\"https:\\\/\\\/schema.org\",\"@graph\":[{\"@type\":\"WebPage\",\"@id\":\"https:\\\/\\\/e-spain.eu\\\/es\\\/menciones-legales\\\/\",\"url\":\"https:\\\/\\\/e-spain.eu\\\/es\\\/menciones-legales\\\/\",\"name\":\"Menciones legales - e-spain | Culinary and pastry internships in Spain, gastronomy tours to Spain and Portugal\",\"isPartOf\":{\"@id\":\"https:\\\/\\\/e-spain.eu\\\/es\\\/#website\"},\"datePublished\":\"2017-05-26T06:52:50+00:00\",\"dateModified\":\"2023-05-01T16:33:55+00:00\",\"breadcrumb\":{\"@id\":\"https:\\\/\\\/e-spain.eu\\\/es\\\/menciones-legales\\\/#breadcrumb\"},\"inLanguage\":\"es\",\"potentialAction\":[{\"@type\":\"ReadAction\",\"target\":[\"https:\\\/\\\/e-spain.eu\\\/es\\\/menciones-legales\\\/\"]}]},{\"@type\":\"BreadcrumbList\",\"@id\":\"https:\\\/\\\/e-spain.eu\\\/es\\\/menciones-legales\\\/#breadcrumb\",\"itemListElement\":[{\"@type\":\"ListItem\",\"position\":1,\"name\":\"Home\",\"item\":\"https:\\\/\\\/e-spain.eu\\\/es\\\/inicio\\\/\"},{\"@type\":\"ListItem\",\"position\":2,\"name\":\"Menciones legales\"}]},{\"@type\":\"WebSite\",\"@id\":\"https:\\\/\\\/e-spain.eu\\\/es\\\/#website\",\"url\":\"https:\\\/\\\/e-spain.eu\\\/es\\\/\",\"name\":\"e-Spain | Culinary and pastry internships in Spain, gastronomy tours to Spain and Portugal\",\"description\":\"Culinary and pastry internships in Spain, gastronomy tours to Spain and Portugal\",\"publisher\":{\"@id\":\"https:\\\/\\\/e-spain.eu\\\/es\\\/#organization\"},\"potentialAction\":[{\"@type\":\"SearchAction\",\"target\":{\"@type\":\"EntryPoint\",\"urlTemplate\":\"https:\\\/\\\/e-spain.eu\\\/es\\\/?s={search_term_string}\"},\"query-input\":{\"@type\":\"PropertyValueSpecification\",\"valueRequired\":true,\"valueName\":\"search_term_string\"}}],\"inLanguage\":\"es\"},{\"@type\":\"Organization\",\"@id\":\"https:\\\/\\\/e-spain.eu\\\/es\\\/#organization\",\"name\":\"e-Spain\",\"url\":\"https:\\\/\\\/e-spain.eu\\\/es\\\/\",\"logo\":{\"@type\":\"ImageObject\",\"inLanguage\":\"es\",\"@id\":\"https:\\\/\\\/e-spain.eu\\\/es\\\/#\\\/schema\\\/logo\\\/image\\\/\",\"url\":\"https:\\\/\\\/e-spain.eu\\\/wp-content\\\/uploads\\\/2017\\\/04\\\/e-spain_logo2x.png\",\"contentUrl\":\"https:\\\/\\\/e-spain.eu\\\/wp-content\\\/uploads\\\/2017\\\/04\\\/e-spain_logo2x.png\",\"width\":400,\"height\":260,\"caption\":\"e-Spain\"},\"image\":{\"@id\":\"https:\\\/\\\/e-spain.eu\\\/es\\\/#\\\/schema\\\/logo\\\/image\\\/\"},\"sameAs\":[\"https:\\\/\\\/www.facebook.com\\\/espaineducationenjoymentexcellence\",\"https:\\\/\\\/x.com\\\/SpainEnjoyment\"]}]}<\/script>\n<!-- \/ Yoast SEO plugin. -->","yoast_head_json":{"title":"Menciones legales - e-spain | Culinary and pastry internships in Spain, gastronomy tours to Spain and Portugal","robots":{"index":"index","follow":"follow","max-snippet":"max-snippet:-1","max-image-preview":"max-image-preview:large","max-video-preview":"max-video-preview:-1"},"canonical":"https:\/\/e-spain.eu\/es\/menciones-legales\/","og_locale":"es_ES","og_type":"article","og_title":"Menciones legales - e-spain | Culinary and pastry internships in Spain, gastronomy tours to Spain and Portugal","og_url":"https:\/\/e-spain.eu\/es\/menciones-legales\/","og_site_name":"e-spain | Culinary and pastry internships in Spain, gastronomy tours to Spain and Portugal","article_publisher":"https:\/\/www.facebook.com\/espaineducationenjoymentexcellence","article_modified_time":"2023-05-01T16:33:55+00:00","twitter_card":"summary_large_image","twitter_site":"@SpainEnjoyment","twitter_misc":{"Tiempo de lectura":"4 minutos"},"schema":{"@context":"https:\/\/schema.org","@graph":[{"@type":"WebPage","@id":"https:\/\/e-spain.eu\/es\/menciones-legales\/","url":"https:\/\/e-spain.eu\/es\/menciones-legales\/","name":"Menciones legales - e-spain | Culinary and pastry internships in Spain, gastronomy tours to Spain and Portugal","isPartOf":{"@id":"https:\/\/e-spain.eu\/es\/#website"},"datePublished":"2017-05-26T06:52:50+00:00","dateModified":"2023-05-01T16:33:55+00:00","breadcrumb":{"@id":"https:\/\/e-spain.eu\/es\/menciones-legales\/#breadcrumb"},"inLanguage":"es","potentialAction":[{"@type":"ReadAction","target":["https:\/\/e-spain.eu\/es\/menciones-legales\/"]}]},{"@type":"BreadcrumbList","@id":"https:\/\/e-spain.eu\/es\/menciones-legales\/#breadcrumb","itemListElement":[{"@type":"ListItem","position":1,"name":"Home","item":"https:\/\/e-spain.eu\/es\/inicio\/"},{"@type":"ListItem","position":2,"name":"Menciones legales"}]},{"@type":"WebSite","@id":"https:\/\/e-spain.eu\/es\/#website","url":"https:\/\/e-spain.eu\/es\/","name":"e-Spain | Culinary and pastry internships in Spain, gastronomy tours to Spain and Portugal","description":"Culinary and pastry internships in Spain, gastronomy tours to Spain and Portugal","publisher":{"@id":"https:\/\/e-spain.eu\/es\/#organization"},"potentialAction":[{"@type":"SearchAction","target":{"@type":"EntryPoint","urlTemplate":"https:\/\/e-spain.eu\/es\/?s={search_term_string}"},"query-input":{"@type":"PropertyValueSpecification","valueRequired":true,"valueName":"search_term_string"}}],"inLanguage":"es"},{"@type":"Organization","@id":"https:\/\/e-spain.eu\/es\/#organization","name":"e-Spain","url":"https:\/\/e-spain.eu\/es\/","logo":{"@type":"ImageObject","inLanguage":"es","@id":"https:\/\/e-spain.eu\/es\/#\/schema\/logo\/image\/","url":"https:\/\/e-spain.eu\/wp-content\/uploads\/2017\/04\/e-spain_logo2x.png","contentUrl":"https:\/\/e-spain.eu\/wp-content\/uploads\/2017\/04\/e-spain_logo2x.png","width":400,"height":260,"caption":"e-Spain"},"image":{"@id":"https:\/\/e-spain.eu\/es\/#\/schema\/logo\/image\/"},"sameAs":["https:\/\/www.facebook.com\/espaineducationenjoymentexcellence","https:\/\/x.com\/SpainEnjoyment"]}]}},"_links":{"self":[{"href":"https:\/\/e-spain.eu\/es\/wp-json\/wp\/v2\/pages\/1541","targetHints":{"allow":["GET"]}}],"collection":[{"href":"https:\/\/e-spain.eu\/es\/wp-json\/wp\/v2\/pages"}],"about":[{"href":"https:\/\/e-spain.eu\/es\/wp-json\/wp\/v2\/types\/page"}],"author":[{"embeddable":true,"href":"https:\/\/e-spain.eu\/es\/wp-json\/wp\/v2\/users\/1"}],"replies":[{"embeddable":true,"href":"https:\/\/e-spain.eu\/es\/wp-json\/wp\/v2\/comments?post=1541"}],"version-history":[{"count":8,"href":"https:\/\/e-spain.eu\/es\/wp-json\/wp\/v2\/pages\/1541\/revisions"}],"predecessor-version":[{"id":1564,"href":"https:\/\/e-spain.eu\/es\/wp-json\/wp\/v2\/pages\/1541\/revisions\/1564"}],"wp:attachment":[{"href":"https:\/\/e-spain.eu\/es\/wp-json\/wp\/v2\/media?parent=1541"}],"curies":[{"name":"wp","href":"https:\/\/api.w.org\/{rel}","templated":true}]}}