{"id":1539,"date":"2017-05-26T09:32:41","date_gmt":"2017-05-26T07:32:41","guid":{"rendered":"https:\/\/e-spain.eu\/politica-de-cookies\/"},"modified":"2017-05-26T09:32:41","modified_gmt":"2017-05-26T07:32:41","slug":"politica-de-cookies","status":"publish","type":"page","link":"https:\/\/e-spain.eu\/es\/politica-de-cookies\/","title":{"rendered":"Pol\u00edtica de cookies"},"content":{"rendered":"<h5><strong>\u00bfQu\u00e9 son las cookies?<\/strong><\/h5>\n<p>Una cookie es un peque\u00f1o fragmento de datos que un sitio web pide a su navegador que almacene en su ordenador o dispositivo m\u00f3vil. La cookie permite al sitio web \u00abrecordar\u00bb sus acciones o preferencias a lo largo del tiempo.<\/p>\n<p>La mayor\u00eda de los navegadores admiten cookies, pero los usuarios pueden configurar sus navegadores para que las rechacen y pueden eliminarlas cuando lo deseen.<\/p>\n<h5><b>Los sitios web utilizan cookies principalmente para:<\/b><strong><br \/>\n<\/strong><\/h5>\n<ul>\n<li>identificar a los usuarios<\/li>\n<li>recordar las preferencias personalizadas de los usuarios<\/li>\n<li>ayudar a los usuarios a completar tareas sin tener que volver a introducir la informaci\u00f3n cuando navegan de una p\u00e1gina a otra o cuando visitan el sitio m\u00e1s tarde.<\/li>\n<\/ul>\n<p>Las cookies tambi\u00e9n pueden utilizarse para la publicidad en l\u00ednea basada en el comportamiento y para mostrar anuncios relacionados con algo que el usuario busc\u00f3 en el pasado.<\/p>\n<h5><b>\u00bfC\u00f3mo se utilizan?<\/b><\/h5>\n<p>El servidor web que suministra la p\u00e1gina web puede almacenar una cookie en el ordenador o dispositivo m\u00f3vil del usuario. Un servidor web externo que gestiona archivos incluidos o referenciados en la p\u00e1gina web tambi\u00e9n puede almacenar cookies. Todas estas cookies se denominan cookies de encabezado http. Otra forma de almacenar cookies es a trav\u00e9s del c\u00f3digo JavaScript contenido o referenciado en esa p\u00e1gina.<\/p>\n<p>Cada vez que el usuario solicita una nueva p\u00e1gina, el servidor web puede recibir los valores de las cookies que ha establecido previamente y devolver la p\u00e1gina con el contenido relacionado con dichos valores. Del mismo modo, el c\u00f3digo JavaScript es capaz de leer una cookie perteneciente a su dominio y realizar una acci\u00f3n en consecuencia.<\/p>\n<h5><b>\u00bfCu\u00e1les son los distintos tipos de galletas?<\/b><\/h5>\n<p>Una cookie puede clasificarse por su vida \u00fatil y el dominio al que pertenece. De por vida, una cookie es un:<\/p>\n<ul>\n<li><b>cookie de sesi\u00f3n <\/b>que se borra cuando el usuario cierra el navegador <i>o<\/i><\/li>\n<li><b>cookie persistente <\/b>que permanece en el ordenador\/dispositivo del usuario durante un periodo de tiempo predefinido.<\/li>\n<\/ul>\n<p>En cuanto al dominio al que pertenece, existen:<\/p>\n<ul>\n<li><b>cookies de origen <\/b>establecidas por el servidor web de la p\u00e1gina visitada y que comparten el mismo dominio<\/li>\n<li><b>cookies de terceros<\/b> almacenadas por un dominio diferente al de la p\u00e1gina visitada. Esto puede ocurrir cuando la p\u00e1gina web hace referencia a un archivo, como JavaScript, situado fuera de su dominio.<\/li>\n<\/ul>\n<p>Este sitio utiliza cookies, peque\u00f1os archivos de texto que se almacenan en su ordenador para ayudar a mejorar la experiencia del usuario. En general, las cookies se utilizan para conservar las preferencias del usuario, almacenar informaci\u00f3n para cosas como carritos de la compra y proporcionar datos de seguimiento an\u00f3nimos a aplicaciones de terceros como Google Analytics. Por regla general, las cookies mejorar\u00e1n su experiencia de navegaci\u00f3n. No obstante, puede que prefiera desactivar las cookies en este sitio y en otros. La forma m\u00e1s eficaz de hacerlo es desactivar las cookies en su navegador. Le sugerimos que consulte la secci\u00f3n de Ayuda de su navegador o eche un vistazo <a href=\"http:\/\/www.aboutcookies.org\">al sitio web About Cookies<\/a>, que ofrece orientaci\u00f3n para todos los navegadores modernos.<\/p>\n","protected":false},"excerpt":{"rendered":"<p>\u00bfQu\u00e9 son las cookies? Una cookie es un peque\u00f1o fragmento de datos que un sitio web pide a su navegador que almacene en su ordenador o dispositivo m\u00f3vil. La cookie permite al sitio web \u00abrecordar\u00bb sus acciones o preferencias a lo largo del tiempo. La mayor\u00eda de los navegadores admiten cookies, pero los usuarios pueden  [&#8230;]<\/p>\n","protected":false},"author":1,"featured_media":0,"parent":0,"menu_order":0,"comment_status":"closed","ping_status":"closed","template":"","meta":{"footnotes":""},"class_list":["post-1539","page","type-page","status-publish","hentry"],"yoast_head":"<!-- This site is optimized with the Yoast SEO plugin v27.4 - https:\/\/yoast.com\/product\/yoast-seo-wordpress\/ -->\n<title>Pol\u00edtica de cookies - e-spain | Culinary and pastry internships in Spain, gastronomy tours to Spain and Portugal<\/title>\n<meta name=\"robots\" content=\"index, follow, max-snippet:-1, max-image-preview:large, max-video-preview:-1\" \/>\n<link rel=\"canonical\" href=\"https:\/\/e-spain.eu\/es\/politica-de-cookies\/\" \/>\n<meta property=\"og:locale\" content=\"es_ES\" \/>\n<meta property=\"og:type\" content=\"article\" \/>\n<meta property=\"og:title\" content=\"Pol\u00edtica de cookies - e-spain | Culinary and pastry internships in Spain, gastronomy tours to Spain and Portugal\" \/>\n<meta property=\"og:description\" content=\"\u00bfQu\u00e9 son las cookies? Una cookie es un peque\u00f1o fragmento de datos que un sitio web pide a su navegador que almacene en su ordenador o dispositivo m\u00f3vil. La cookie permite al sitio web \u00abrecordar\u00bb sus acciones o preferencias a lo largo del tiempo. La mayor\u00eda de los navegadores admiten cookies, pero los usuarios pueden [...]\" \/>\n<meta property=\"og:url\" content=\"https:\/\/e-spain.eu\/es\/politica-de-cookies\/\" \/>\n<meta property=\"og:site_name\" content=\"e-spain | Culinary and pastry internships in Spain, gastronomy tours to Spain and Portugal\" \/>\n<meta property=\"article:publisher\" content=\"https:\/\/www.facebook.com\/espaineducationenjoymentexcellence\" \/>\n<meta name=\"twitter:card\" content=\"summary_large_image\" \/>\n<meta name=\"twitter:site\" content=\"@SpainEnjoyment\" \/>\n<meta name=\"twitter:label1\" content=\"Tiempo de lectura\" \/>\n\t<meta name=\"twitter:data1\" content=\"3 minutos\" \/>\n<script type=\"application\/ld+json\" class=\"yoast-schema-graph\">{\"@context\":\"https:\\\/\\\/schema.org\",\"@graph\":[{\"@type\":\"WebPage\",\"@id\":\"https:\\\/\\\/e-spain.eu\\\/es\\\/politica-de-cookies\\\/\",\"url\":\"https:\\\/\\\/e-spain.eu\\\/es\\\/politica-de-cookies\\\/\",\"name\":\"Pol\u00edtica de cookies - e-spain | Culinary and pastry internships in Spain, gastronomy tours to Spain and Portugal\",\"isPartOf\":{\"@id\":\"https:\\\/\\\/e-spain.eu\\\/es\\\/#website\"},\"datePublished\":\"2017-05-26T07:32:41+00:00\",\"breadcrumb\":{\"@id\":\"https:\\\/\\\/e-spain.eu\\\/es\\\/politica-de-cookies\\\/#breadcrumb\"},\"inLanguage\":\"es\",\"potentialAction\":[{\"@type\":\"ReadAction\",\"target\":[\"https:\\\/\\\/e-spain.eu\\\/es\\\/politica-de-cookies\\\/\"]}]},{\"@type\":\"BreadcrumbList\",\"@id\":\"https:\\\/\\\/e-spain.eu\\\/es\\\/politica-de-cookies\\\/#breadcrumb\",\"itemListElement\":[{\"@type\":\"ListItem\",\"position\":1,\"name\":\"Home\",\"item\":\"https:\\\/\\\/e-spain.eu\\\/es\\\/inicio\\\/\"},{\"@type\":\"ListItem\",\"position\":2,\"name\":\"Pol\u00edtica de cookies\"}]},{\"@type\":\"WebSite\",\"@id\":\"https:\\\/\\\/e-spain.eu\\\/es\\\/#website\",\"url\":\"https:\\\/\\\/e-spain.eu\\\/es\\\/\",\"name\":\"e-Spain | Culinary and pastry internships in Spain, gastronomy tours to Spain and Portugal\",\"description\":\"Culinary and pastry internships in Spain, gastronomy tours to Spain and Portugal\",\"publisher\":{\"@id\":\"https:\\\/\\\/e-spain.eu\\\/es\\\/#organization\"},\"potentialAction\":[{\"@type\":\"SearchAction\",\"target\":{\"@type\":\"EntryPoint\",\"urlTemplate\":\"https:\\\/\\\/e-spain.eu\\\/es\\\/?s={search_term_string}\"},\"query-input\":{\"@type\":\"PropertyValueSpecification\",\"valueRequired\":true,\"valueName\":\"search_term_string\"}}],\"inLanguage\":\"es\"},{\"@type\":\"Organization\",\"@id\":\"https:\\\/\\\/e-spain.eu\\\/es\\\/#organization\",\"name\":\"e-Spain\",\"url\":\"https:\\\/\\\/e-spain.eu\\\/es\\\/\",\"logo\":{\"@type\":\"ImageObject\",\"inLanguage\":\"es\",\"@id\":\"https:\\\/\\\/e-spain.eu\\\/es\\\/#\\\/schema\\\/logo\\\/image\\\/\",\"url\":\"https:\\\/\\\/e-spain.eu\\\/wp-content\\\/uploads\\\/2017\\\/04\\\/e-spain_logo2x.png\",\"contentUrl\":\"https:\\\/\\\/e-spain.eu\\\/wp-content\\\/uploads\\\/2017\\\/04\\\/e-spain_logo2x.png\",\"width\":400,\"height\":260,\"caption\":\"e-Spain\"},\"image\":{\"@id\":\"https:\\\/\\\/e-spain.eu\\\/es\\\/#\\\/schema\\\/logo\\\/image\\\/\"},\"sameAs\":[\"https:\\\/\\\/www.facebook.com\\\/espaineducationenjoymentexcellence\",\"https:\\\/\\\/x.com\\\/SpainEnjoyment\"]}]}<\/script>\n<!-- \/ Yoast SEO plugin. -->","yoast_head_json":{"title":"Pol\u00edtica de cookies - e-spain | Culinary and pastry internships in Spain, gastronomy tours to Spain and Portugal","robots":{"index":"index","follow":"follow","max-snippet":"max-snippet:-1","max-image-preview":"max-image-preview:large","max-video-preview":"max-video-preview:-1"},"canonical":"https:\/\/e-spain.eu\/es\/politica-de-cookies\/","og_locale":"es_ES","og_type":"article","og_title":"Pol\u00edtica de cookies - e-spain | Culinary and pastry internships in Spain, gastronomy tours to Spain and Portugal","og_description":"\u00bfQu\u00e9 son las cookies? Una cookie es un peque\u00f1o fragmento de datos que un sitio web pide a su navegador que almacene en su ordenador o dispositivo m\u00f3vil. La cookie permite al sitio web \u00abrecordar\u00bb sus acciones o preferencias a lo largo del tiempo. La mayor\u00eda de los navegadores admiten cookies, pero los usuarios pueden [...]","og_url":"https:\/\/e-spain.eu\/es\/politica-de-cookies\/","og_site_name":"e-spain | Culinary and pastry internships in Spain, gastronomy tours to Spain and Portugal","article_publisher":"https:\/\/www.facebook.com\/espaineducationenjoymentexcellence","twitter_card":"summary_large_image","twitter_site":"@SpainEnjoyment","twitter_misc":{"Tiempo de lectura":"3 minutos"},"schema":{"@context":"https:\/\/schema.org","@graph":[{"@type":"WebPage","@id":"https:\/\/e-spain.eu\/es\/politica-de-cookies\/","url":"https:\/\/e-spain.eu\/es\/politica-de-cookies\/","name":"Pol\u00edtica de cookies - e-spain | Culinary and pastry internships in Spain, gastronomy tours to Spain and Portugal","isPartOf":{"@id":"https:\/\/e-spain.eu\/es\/#website"},"datePublished":"2017-05-26T07:32:41+00:00","breadcrumb":{"@id":"https:\/\/e-spain.eu\/es\/politica-de-cookies\/#breadcrumb"},"inLanguage":"es","potentialAction":[{"@type":"ReadAction","target":["https:\/\/e-spain.eu\/es\/politica-de-cookies\/"]}]},{"@type":"BreadcrumbList","@id":"https:\/\/e-spain.eu\/es\/politica-de-cookies\/#breadcrumb","itemListElement":[{"@type":"ListItem","position":1,"name":"Home","item":"https:\/\/e-spain.eu\/es\/inicio\/"},{"@type":"ListItem","position":2,"name":"Pol\u00edtica de cookies"}]},{"@type":"WebSite","@id":"https:\/\/e-spain.eu\/es\/#website","url":"https:\/\/e-spain.eu\/es\/","name":"e-Spain | Culinary and pastry internships in Spain, gastronomy tours to Spain and Portugal","description":"Culinary and pastry internships in Spain, gastronomy tours to Spain and Portugal","publisher":{"@id":"https:\/\/e-spain.eu\/es\/#organization"},"potentialAction":[{"@type":"SearchAction","target":{"@type":"EntryPoint","urlTemplate":"https:\/\/e-spain.eu\/es\/?s={search_term_string}"},"query-input":{"@type":"PropertyValueSpecification","valueRequired":true,"valueName":"search_term_string"}}],"inLanguage":"es"},{"@type":"Organization","@id":"https:\/\/e-spain.eu\/es\/#organization","name":"e-Spain","url":"https:\/\/e-spain.eu\/es\/","logo":{"@type":"ImageObject","inLanguage":"es","@id":"https:\/\/e-spain.eu\/es\/#\/schema\/logo\/image\/","url":"https:\/\/e-spain.eu\/wp-content\/uploads\/2017\/04\/e-spain_logo2x.png","contentUrl":"https:\/\/e-spain.eu\/wp-content\/uploads\/2017\/04\/e-spain_logo2x.png","width":400,"height":260,"caption":"e-Spain"},"image":{"@id":"https:\/\/e-spain.eu\/es\/#\/schema\/logo\/image\/"},"sameAs":["https:\/\/www.facebook.com\/espaineducationenjoymentexcellence","https:\/\/x.com\/SpainEnjoyment"]}]}},"_links":{"self":[{"href":"https:\/\/e-spain.eu\/es\/wp-json\/wp\/v2\/pages\/1539","targetHints":{"allow":["GET"]}}],"collection":[{"href":"https:\/\/e-spain.eu\/es\/wp-json\/wp\/v2\/pages"}],"about":[{"href":"https:\/\/e-spain.eu\/es\/wp-json\/wp\/v2\/types\/page"}],"author":[{"embeddable":true,"href":"https:\/\/e-spain.eu\/es\/wp-json\/wp\/v2\/users\/1"}],"replies":[{"embeddable":true,"href":"https:\/\/e-spain.eu\/es\/wp-json\/wp\/v2\/comments?post=1539"}],"version-history":[{"count":0,"href":"https:\/\/e-spain.eu\/es\/wp-json\/wp\/v2\/pages\/1539\/revisions"}],"wp:attachment":[{"href":"https:\/\/e-spain.eu\/es\/wp-json\/wp\/v2\/media?parent=1539"}],"curies":[{"name":"wp","href":"https:\/\/api.w.org\/{rel}","templated":true}]}}